{"id":12430,"date":"2024-10-23T15:14:47","date_gmt":"2024-10-23T15:14:47","guid":{"rendered":"https:\/\/norcoplast.com.ar\/wp\/?page_id=12430"},"modified":"2024-10-23T15:14:47","modified_gmt":"2024-10-23T15:14:47","slug":"bandejas-portacables","status":"publish","type":"page","link":"https:\/\/norcoplast.com.ar\/wp\/bandejas-portacables\/","title":{"rendered":"Bandejas Portacables"},"content":{"rendered":"\n<p>Las bandejas portacables Norcoplast estan dise\u00f1adas para la distribuci\u00f3n de energ\u00eda el\u00e9ctrica, principalmente en ambientes corrosivos como industrias qu\u00edmicas, curtiembres, frigor\u00edficos, laboratorios, zonas cercanas al mar, embarcaciones, etc.<\/p>\n\n\n<div class=\"wp-block-image\">\n<figure class=\"aligncenter size-large is-resized\"><a href=\"https:\/\/norcoplast.com.ar\/wp\/wp-content\/uploads\/2024\/10\/bandeja-curva-2.jpg\"><img fetchpriority=\"high\" decoding=\"async\" width=\"600\" height=\"610\" src=\"https:\/\/norcoplast.com.ar\/wp\/wp-content\/uploads\/2024\/10\/bandeja-curva-2-600x610.jpg\" alt=\"\" class=\"wp-image-12431\" style=\"width:400px;height:auto\"\/><\/a><\/figure>\n<\/div>\n\n\n<p>Su construcci\u00f3n, con resina poliester autoextinguible reforzada con fibras de vidrio, les otorga gran resistencia mec\u00e1nica con bajo peso, permitiendo un montaje r\u00e1pido y seguro.<\/p>\n\n\n\n<p>La versatilidad para la realizaci\u00f3n de los circuitos necesarios, es id\u00e9ntica a la de los sistemas de bandejas met\u00e1licas convencionales, ya que se proveen curvas planas, ascendentes, descendentes, cruces, tres y reducciones.<\/p>\n\n\n<div class=\"wp-block-image\">\n<figure class=\"aligncenter size-large is-resized\"><a href=\"https:\/\/norcoplast.com.ar\/wp\/wp-content\/uploads\/2024\/10\/bandeja-curva-1.jpg\"><img decoding=\"async\" width=\"550\" height=\"531\" src=\"https:\/\/norcoplast.com.ar\/wp\/wp-content\/uploads\/2024\/10\/bandeja-curva-1-550x531.jpg\" alt=\"\" class=\"wp-image-12432\" style=\"width:450px;height:auto\"\/><\/a><\/figure>\n<\/div>\n\n\n<p>Adecuadas placas de uni\u00f3n m\u00e9nsulas y soportes de suspensi\u00f3n del mismo material con tornillos y tuercas de poliamoda, de acero inoxidable o zincado, bronce, etc., permiten el ensamble y la sujeci\u00f3n a los lugares elegidos para llevar la instalaci\u00f3n.<\/p>\n\n\n\n<div class=\"wp-block-group is-nowrap is-layout-flex wp-container-core-group-is-layout-ad2f72ca wp-block-group-is-layout-flex\">\n<div class=\"wp-block-columns is-layout-flex wp-container-core-columns-is-layout-9d6595d7 wp-block-columns-is-layout-flex\">\n<div class=\"wp-block-column is-layout-flow wp-block-column-is-layout-flow\" style=\"flex-basis:100%\">\n<figure class=\"wp-block-image size-large\"><a href=\"https:\/\/norcoplast.com.ar\/wp\/wp-content\/uploads\/2024\/10\/Bandeja-01.jpg\"><img decoding=\"async\" width=\"600\" height=\"404\" src=\"https:\/\/norcoplast.com.ar\/wp\/wp-content\/uploads\/2024\/10\/Bandeja-01-600x404.jpg\" alt=\"\" class=\"wp-image-12433\"\/><\/a><\/figure>\n<\/div>\n<\/div>\n\n\n\n<figure class=\"wp-block-image size-large\"><a href=\"https:\/\/norcoplast.com.ar\/wp\/wp-content\/uploads\/2024\/10\/Bandeja-02-1.jpg\"><img loading=\"lazy\" decoding=\"async\" width=\"600\" height=\"354\" src=\"https:\/\/norcoplast.com.ar\/wp\/wp-content\/uploads\/2024\/10\/Bandeja-02-1-600x354.jpg\" alt=\"\" class=\"wp-image-12435\"\/><\/a><\/figure>\n<\/div>\n\n\n\n<p>Planos<\/p>\n\n\n<div class=\"wp-block-image\">\n<figure class=\"aligncenter size-large is-resized\"><a href=\"https:\/\/norcoplast.com.ar\/wp\/wp-content\/uploads\/2024\/10\/BANDEJAS-Planos.png\"><img loading=\"lazy\" decoding=\"async\" width=\"561\" height=\"371\" src=\"https:\/\/norcoplast.com.ar\/wp\/wp-content\/uploads\/2024\/10\/BANDEJAS-Planos-561x371.png\" alt=\"\" class=\"wp-image-12436\" style=\"width:568px;height:auto\"\/><\/a><\/figure>\n<\/div>\n\n\n<div class=\"wp-block-buttons is-content-justification-center is-layout-flex wp-container-core-buttons-is-layout-16018d1d wp-block-buttons-is-layout-flex\">\n<div class=\"wp-block-button has-custom-font-size\" style=\"font-size:19px\"><a class=\"wp-block-button__link has-black-color has-text-color has-background has-link-color wp-element-button\" href=\"https:\/\/norcoplast.com.ar\/wp\/#Produc\" style=\"background-color:#1e663a\">volver a productos<\/a><\/div>\n<\/div>\n\n\n\n<p><\/p>\n","protected":false},"excerpt":{"rendered":"<p>Las bandejas portacables Norcoplast estan dise\u00f1adas para la distribuci\u00f3n de&hellip;<\/p>\n<p> <a class=\"more-link\" href=\"https:\/\/norcoplast.com.ar\/wp\/bandejas-portacables\/\">Leer m\u00e1s<\/a><\/p>\n","protected":false},"author":2,"featured_media":0,"parent":0,"menu_order":0,"comment_status":"closed","ping_status":"closed","template":"","meta":{"footnotes":""},"class_list":["post-12430","page","type-page","status-publish"],"_links":{"self":[{"href":"https:\/\/norcoplast.com.ar\/wp\/wp-json\/wp\/v2\/pages\/12430","targetHints":{"allow":["GET"]}}],"collection":[{"href":"https:\/\/norcoplast.com.ar\/wp\/wp-json\/wp\/v2\/pages"}],"about":[{"href":"https:\/\/norcoplast.com.ar\/wp\/wp-json\/wp\/v2\/types\/page"}],"author":[{"embeddable":true,"href":"https:\/\/norcoplast.com.ar\/wp\/wp-json\/wp\/v2\/users\/2"}],"replies":[{"embeddable":true,"href":"https:\/\/norcoplast.com.ar\/wp\/wp-json\/wp\/v2\/comments?post=12430"}],"version-history":[{"count":1,"href":"https:\/\/norcoplast.com.ar\/wp\/wp-json\/wp\/v2\/pages\/12430\/revisions"}],"predecessor-version":[{"id":12437,"href":"https:\/\/norcoplast.com.ar\/wp\/wp-json\/wp\/v2\/pages\/12430\/revisions\/12437"}],"wp:attachment":[{"href":"https:\/\/norcoplast.com.ar\/wp\/wp-json\/wp\/v2\/media?parent=12430"}],"curies":[{"name":"wp","href":"https:\/\/api.w.org\/{rel}","templated":true}]}}