{"id":12768,"date":"2024-11-26T19:33:06","date_gmt":"2024-11-26T19:33:06","guid":{"rendered":"https:\/\/norcoplast.com.ar\/wp\/?page_id=12768"},"modified":"2024-11-26T19:40:11","modified_gmt":"2024-11-26T19:40:11","slug":"sistema-autonomo-de-emergencia-con-indicacion-de-salida","status":"publish","type":"page","link":"https:\/\/norcoplast.com.ar\/wp\/sistema-autonomo-de-emergencia-con-indicacion-de-salida\/","title":{"rendered":"SISTEMA AUT\u00d3NOMO DE EMERGENCIA CON INDICACI\u00d3N DE SALIDA"},"content":{"rendered":"\n<p><strong>Las l\u00edneas de artefactos herm\u00e9ticos Norcoplast se complementan con equipos para iluminaci\u00f3n de emergencia con indicaci\u00f3n de SALIDA manteniendo el mismo dise\u00f1o y medidas<\/strong>.<\/p>\n\n\n\n<figure class=\"wp-block-gallery has-nested-images columns-default is-cropped wp-block-gallery-1 is-layout-flex wp-block-gallery-is-layout-flex\">\n<figure class=\"wp-block-image size-large\"><a href=\"https:\/\/norcoplast.com.ar\/wp\/wp-content\/uploads\/2024\/11\/WhatsApp-Image-2024-11-25-at-12.09.46-3.jpeg\"><img fetchpriority=\"high\" decoding=\"async\" width=\"440\" height=\"1600\" data-id=\"12769\" src=\"https:\/\/norcoplast.com.ar\/wp\/wp-content\/uploads\/2024\/11\/WhatsApp-Image-2024-11-25-at-12.09.46-3-440x1600.jpeg\" alt=\"\" class=\"wp-image-12769\"\/><\/a><\/figure>\n\n\n\n<figure class=\"wp-block-image size-large\"><a href=\"https:\/\/norcoplast.com.ar\/wp\/wp-content\/uploads\/2024\/11\/WhatsApp-Image-2024-11-25-at-12.09.46-5-1.jpeg\"><img decoding=\"async\" width=\"1024\" height=\"1024\" data-id=\"12772\" src=\"https:\/\/norcoplast.com.ar\/wp\/wp-content\/uploads\/2024\/11\/WhatsApp-Image-2024-11-25-at-12.09.46-5-1-1024x1024.jpeg\" alt=\"\" class=\"wp-image-12772\" srcset=\"https:\/\/norcoplast.com.ar\/wp\/wp-content\/uploads\/2024\/11\/WhatsApp-Image-2024-11-25-at-12.09.46-5-1-1024x1024.jpeg 1024w, https:\/\/norcoplast.com.ar\/wp\/wp-content\/uploads\/2024\/11\/WhatsApp-Image-2024-11-25-at-12.09.46-5-1-300x300.jpeg 300w, https:\/\/norcoplast.com.ar\/wp\/wp-content\/uploads\/2024\/11\/WhatsApp-Image-2024-11-25-at-12.09.46-5-1-150x150.jpeg 150w\" sizes=\"(max-width: 1024px) 100vw, 1024px\" \/><\/a><\/figure>\n\n\n\n<figure class=\"wp-block-image size-large\"><a href=\"https:\/\/norcoplast.com.ar\/wp\/wp-content\/uploads\/2024\/11\/WhatsApp-Image-2024-11-25-at-12.09.47-2.jpeg\"><img decoding=\"async\" width=\"1024\" height=\"1024\" data-id=\"12770\" src=\"https:\/\/norcoplast.com.ar\/wp\/wp-content\/uploads\/2024\/11\/WhatsApp-Image-2024-11-25-at-12.09.47-2-1024x1024.jpeg\" alt=\"\" class=\"wp-image-12770\" srcset=\"https:\/\/norcoplast.com.ar\/wp\/wp-content\/uploads\/2024\/11\/WhatsApp-Image-2024-11-25-at-12.09.47-2-1024x1024.jpeg 1024w, https:\/\/norcoplast.com.ar\/wp\/wp-content\/uploads\/2024\/11\/WhatsApp-Image-2024-11-25-at-12.09.47-2-300x300.jpeg 300w, https:\/\/norcoplast.com.ar\/wp\/wp-content\/uploads\/2024\/11\/WhatsApp-Image-2024-11-25-at-12.09.47-2-150x150.jpeg 150w\" sizes=\"(max-width: 1024px) 100vw, 1024px\" \/><\/a><\/figure>\n\n\n\n<figure class=\"wp-block-image size-large\"><a href=\"https:\/\/norcoplast.com.ar\/wp\/wp-content\/uploads\/2024\/11\/WhatsApp-Image-2024-11-25-at-12.09.46-1.jpeg\"><img loading=\"lazy\" decoding=\"async\" width=\"1024\" height=\"1024\" data-id=\"12771\" src=\"https:\/\/norcoplast.com.ar\/wp\/wp-content\/uploads\/2024\/11\/WhatsApp-Image-2024-11-25-at-12.09.46-1-1024x1024.jpeg\" alt=\"\" class=\"wp-image-12771\" srcset=\"https:\/\/norcoplast.com.ar\/wp\/wp-content\/uploads\/2024\/11\/WhatsApp-Image-2024-11-25-at-12.09.46-1-1024x1024.jpeg 1024w, https:\/\/norcoplast.com.ar\/wp\/wp-content\/uploads\/2024\/11\/WhatsApp-Image-2024-11-25-at-12.09.46-1-300x300.jpeg 300w, https:\/\/norcoplast.com.ar\/wp\/wp-content\/uploads\/2024\/11\/WhatsApp-Image-2024-11-25-at-12.09.46-1-150x150.jpeg 150w\" sizes=\"(max-width: 1024px) 100vw, 1024px\" \/><\/a><\/figure>\n<\/figure>\n\n\n\n<p>Los mismos se montan sobre la bandeja con circuito separado en la misma bornera, o sea que no necesitamos una instalaci\u00f3n especial, solo basta con fase y neutro permanente para cargar la bater\u00eda y censar los 220 V y una fase con interruptor para apagar la luz si se abandona el sector.<\/p>\n\n\n\n<div class=\"wp-block-buttons is-content-justification-center is-layout-flex wp-container-core-buttons-is-layout-16018d1d wp-block-buttons-is-layout-flex\">\n<div class=\"wp-block-button has-custom-font-size\" style=\"font-size:19px\"><a class=\"wp-block-button__link has-black-color has-text-color has-background has-link-color wp-element-button\" href=\"https:\/\/norcoplast.com.ar\/wp\/#Produc\" style=\"background-color:#1e663a\">volver a productos<\/a><\/div>\n<\/div>\n","protected":false},"excerpt":{"rendered":"<p>Las l\u00edneas de artefactos herm\u00e9ticos Norcoplast se complementan con equipos&hellip;<\/p>\n<p> <a class=\"more-link\" href=\"https:\/\/norcoplast.com.ar\/wp\/sistema-autonomo-de-emergencia-con-indicacion-de-salida\/\">Leer m\u00e1s<\/a><\/p>\n","protected":false},"author":2,"featured_media":0,"parent":0,"menu_order":0,"comment_status":"closed","ping_status":"closed","template":"","meta":{"footnotes":""},"class_list":["post-12768","page","type-page","status-publish"],"_links":{"self":[{"href":"https:\/\/norcoplast.com.ar\/wp\/wp-json\/wp\/v2\/pages\/12768","targetHints":{"allow":["GET"]}}],"collection":[{"href":"https:\/\/norcoplast.com.ar\/wp\/wp-json\/wp\/v2\/pages"}],"about":[{"href":"https:\/\/norcoplast.com.ar\/wp\/wp-json\/wp\/v2\/types\/page"}],"author":[{"embeddable":true,"href":"https:\/\/norcoplast.com.ar\/wp\/wp-json\/wp\/v2\/users\/2"}],"replies":[{"embeddable":true,"href":"https:\/\/norcoplast.com.ar\/wp\/wp-json\/wp\/v2\/comments?post=12768"}],"version-history":[{"count":5,"href":"https:\/\/norcoplast.com.ar\/wp\/wp-json\/wp\/v2\/pages\/12768\/revisions"}],"predecessor-version":[{"id":12784,"href":"https:\/\/norcoplast.com.ar\/wp\/wp-json\/wp\/v2\/pages\/12768\/revisions\/12784"}],"wp:attachment":[{"href":"https:\/\/norcoplast.com.ar\/wp\/wp-json\/wp\/v2\/media?parent=12768"}],"curies":[{"name":"wp","href":"https:\/\/api.w.org\/{rel}","templated":true}]}}